{"id":121090,"date":"2024-12-23T23:08:02","date_gmt":"2024-12-23T22:08:02","guid":{"rendered":"https:\/\/lightweightoutdoor.com\/?post_type=product&#038;p=121090"},"modified":"2026-02-07T13:36:24","modified_gmt":"2026-02-07T12:36:24","slug":"durston-x-mid-2-solid-tent","status":"publish","type":"product","link":"https:\/\/lightweightoutdoor.com\/nl\/product\/durston-x-mid-2-solid-tent\/","title":{"rendered":"Durston &#8211; X-Mid 2 Solid &#8211; Tent"},"content":{"rendered":"<p>De Durston X-Mid 2 Solid is de ultieme lichtgewicht tent voor avonturiers die het hele jaar door op pad willen gaan, of voor de solo kampeerder die een heerlijk ruime tent wil. Met een volledig gesloten, solide binnenzijde biedt deze tent uitzonderlijke bescherming tegen koude wind, sneeuw en condensatie, terwijl de ventilatie uitstekend blijft. Deze tent is snel op te zetten en biedt een ruim, stormvast ontwerp dat comfort en duurzaamheid combineert met een indrukwekkend laag gewicht. Perfect voor ultralichte backpackers en bikepackers die betrouwbaarheid en veelzijdigheid eisen.<\/p>\n<p>De X-Mid 2 Solid is een speciale versie van de &#8220;normale&#8221; X-Mid 2, ontworpen voor koudere omgevingen en uitdagende omstandigheden, waaronder winteravonturen en trektochten in ruige, winderige gebieden zoals Noord-Europa en Patagoni\u00eb. Ondanks de focus op barre klimaten blijft het een uitstekende allround backpackingtent en ook prima te gebruiken in de zomer hoor. De X-Mid 2 Solid is vanaf de grond af opgebouwd met eerste-principes geometrie en biedt een optimale balans tussen gewichtseffici\u00ebntie, eenvoud en stormbestendigheid voor een tent met tentstokken. Met een gewicht van net iets meer dan 1 kilo (1025 gram, zonder stokken) biedt hij een uitstekende weerbestendigheid, uitzonderlijke bruikbaarheid en een verrassend ruim interieur.<\/p>\n<h3>Stormwaardige 2 persoons tent<\/h3>\n<p>Veel ultralichte tenten offeren stormbestendigheid op om gewicht te besparen, met dunne stoffen, zwakke stokken, minimale waterdichtheid of uitgeklede ontwerpen. De X-Mid kiest voor een andere benadering en geeft prioriteit aan zowel ultralichte prestaties als weerbestendigheid.<\/p>\n<p>Door gebruik te maken van de effici\u00ebnte X-Mid geometrie minimaliseert de tent het gewicht zonder afbreuk te doen aan duurzaamheid of functionaliteit. De tent heeft een &#8216;fly-first&#8217;-structuur, een dubbelwandig ontwerp, niet-zakkende polystof, robuuste waterdichte coatings, grote verstelbare ventilatieopeningen, in de fabriek afgedichte naden, een volledig bedekkende buitentent, een stormbestendige vorm, duurzame #5 ritsen en beschermde ingangen om regen buiten te houden.<\/p>\n<p>Het resultaat is een ultralichte tent die goed gedijt in zware omstandigheden en de duurzaamheid en stormbestendigheid biedt van veel zwaardere modellen.<\/p>\n<h3>X-mid Solid: slim ontwerp, simpel op te zetten en attentie voor details<\/h3>\n<p>De X-Mid 2 tent is ontworpen met eenvoud en gebruiksgemak in gedachten, zodat je hem probleemloos kunt opzetten na een lange dag of bij slecht weer. In tegenstelling tot veel andere trekkingtenten heeft de tent een rechthoekige basis voor een snelle opbouw met vier haringen &#8211; geen verplichte afspanlijnen, lastige stokken of precieze hoogte-instellingen voor de tentstokken. Met slechts vier haringen en twee verstelbare stokken kan de X-Mid snel en moeiteloos opgezet worden, zodat jij je kunt richten op rust en herstel.<\/p>\n<p>Het gebruiksgemak gaat door als de tent eenmaal staat. De Durston X-Mid Solid is ontworpen met grote, onbelemmerde deuropeningen, vestibules die het hoofdgedeelte handig naast de deur plaatsen, magnetische deurknoppen (hier ben ik als gear nerd dol op ???? ze zijn superhandig!!!), intu\u00eftieve zakken en ritsen die met \u00e9\u00e9n hand bediend kunnen worden.<\/p>\n<p>De X-Mid @ Solid is ruim genoeg voor 2 personen met spullen en zelfs wandelaars tot 193 cm kunnen er goed in slapen, dankzij de binnenlengte van 234 cm en steile kopwanden die de bruikbare ruimte maximaliseren. De vloerbreedte van 132 cm geeft genoeg plaats voor 2 slaapmatten, terwijl de dubbele vestibules royale afmetingen hebben zodat zelfs de grootste bepakking gemakkelijk naast de deuropening past.<\/p>\n<h2>Specificaties Durston X-mid Solid 2 persoon tent<\/h2>\n<ul>\n<li>Gewicht:\n<ul>\n<li>Fly: 595 gr<\/li>\n<li>Inner Tent: 410 gr<\/li>\n<li>Complete Tent: 1025 gr<\/li>\n<li>Stuff Sack: 12 gr<\/li>\n<li>Normal set-up: 1115 g (tent, stuff sacks, 6 stakes)<\/li>\n<\/ul>\n<\/li>\n<li>Afmetingen:\n<ul>\n<li>Floor length: 2.3 m<\/li>\n<li>Floor width: 132 cm<\/li>\n<li>Height: 122 cm<\/li>\n<li>Fly footprint: 210 x 254 cm<\/li>\n<li>Packed size: 30 x 15 cm<\/li>\n<\/ul>\n<\/li>\n<li>Materiaal:\n<ul>\n<li>Fly fabric: 20D Sil\/PE Polyester 3500mm HH in Alpine Sage<\/li>\n<li>Floor fabric: 20D Sil\/PE Polyester 3500mm HH in Grey<\/li>\n<li>Inner fabric: 15D Ripstop Nylon in White<\/li>\n<li>YKK #5 AquaGuard with buckle outside, YKK #3 inner zippers<\/li>\n<\/ul>\n<\/li>\n<li>Wat je krijgt:\n<ul>\n<li>Outer rain fly<\/li>\n<li>Inner tent<\/li>\n<li>6 DAC stakes (4 normal, 2 small)<\/li>\n<li><strong><em>NO POLES, you can use your own trekking poles or get the Durson<a href=\"https:\/\/lightweightoutdoor.com\/nl\/product\/durston-z-flick-tent-pole\/\"> Z-flick poles<\/a><\/em><\/strong><\/li>\n<\/ul>\n<\/li>\n<\/ul>\n<p>Lees er alles over op: <a href=\"https:\/\/durstongear.com\/products\/x-mid-2-solid\">https:\/\/durstongear.com\/products\/x-mid-2-solid<\/a><\/p>\n","protected":false},"excerpt":{"rendered":"<p>De Durston X-Mid 2 Solid is de ultieme lichtgewicht tent voor 2 personen voor avonturiers die het hele jaar door op pad gaan, of solo kampeerders die gewoon lekker veel ruimte willen (wat wij volledig snappen). Met een volledig gesloten, solide binnenzijde biedt de tent uitzonderlijke bescherming tegen koude wind, sneeuw en condensatie, terwijl de ventilatie uitstekend blijft. Deze tent is snel op te zetten en biedt een ruim, stormvast ontwerp dat comfort en duurzaamheid combineert met een indrukwekkend laag gewicht (1025 gram zonder stokken). Perfect voor ultralichte backpackers en bikepackers die betrouwbaarheid en veelzijdigheid eisen.<\/p>\n","protected":false},"featured_media":121108,"comment_status":"open","ping_status":"closed","template":"","meta":{"_acf_changed":false},"product_brand":[],"product_cat":[3433,23],"product_tag":[1101,3719,3633],"class_list":{"0":"post-121090","1":"product","2":"type-product","3":"status-publish","4":"has-post-thumbnail","6":"product_cat-durston-gear","7":"product_cat-tenten","8":"product_tag-2-person","9":"product_tag-2-persoon-nl","10":"product_tag-x-mid-nl","12":"first","13":"instock","14":"taxable","15":"shipping-taxable","16":"purchasable","17":"product-type-simple"},"supplier_id":null,"supplier_sku":"","barcode":null,"atum_controlled":true,"out_stock_date":null,"out_stock_threshold":null,"inheritable":false,"inbound_stock":0,"stock_on_hold":0,"sold_today":0,"sales_last_days":0,"reserved_stock":0,"customer_returns":0,"warehouse_damage":0,"lost_in_post":0,"other_logs":0,"out_stock_days":0,"lost_sales":0,"has_location":false,"update_date":"2026-04-27T00:16:09","atum_locations":[],"atum_stock_status":"instock","restock_status":false,"low_stock_amount":0,"sales_update_date":"2026-04-27T00:16:09","calc_backorders":null,"acf":[],"yoast_head":"<!-- This site is optimized with the Yoast SEO plugin v27.4 - https:\/\/yoast.com\/product\/yoast-seo-wordpress\/ -->\n<title>Durston - X-Mid 2 Solid - Tent - Lightweight Outdoor<\/title>\n<meta name=\"description\" content=\"The Durston X-Mid 2p solid is een ruime lichtgewicht tent voor 2 personen die geschikt is voor het gebruik in alle 4 seizoenen\" \/>\n<meta name=\"robots\" content=\"index, follow, max-snippet:-1, max-image-preview:large, max-video-preview:-1\" \/>\n<link rel=\"canonical\" href=\"https:\/\/lightweightoutdoor.com\/nl\/product\/durston-x-mid-2-solid-tent\/\" \/>\n<meta property=\"og:locale\" content=\"nl_NL\" \/>\n<meta property=\"og:type\" content=\"article\" \/>\n<meta property=\"og:title\" content=\"Durston - X-Mid 2 Solid - Tent - Lightweight Outdoor\" \/>\n<meta property=\"og:description\" content=\"The Durston X-Mid 2p solid is een ruime lichtgewicht tent voor 2 personen die geschikt is voor het gebruik in alle 4 seizoenen\" \/>\n<meta property=\"og:url\" content=\"https:\/\/lightweightoutdoor.com\/nl\/product\/durston-x-mid-2-solid-tent\/\" \/>\n<meta property=\"og:site_name\" content=\"Lightweight Outdoor\" \/>\n<meta property=\"article:modified_time\" content=\"2026-02-07T12:36:24+00:00\" \/>\n<meta property=\"og:image\" content=\"https:\/\/lightweightoutdoor.com\/wp-content\/uploads\/2024\/12\/X-Mid-2-Solid-Ultralight-Backpacking-Tent.webp\" \/>\n\t<meta property=\"og:image:width\" content=\"1000\" \/>\n\t<meta property=\"og:image:height\" content=\"750\" \/>\n\t<meta property=\"og:image:type\" content=\"image\/webp\" \/>\n<meta name=\"twitter:card\" content=\"summary_large_image\" \/>\n<meta name=\"twitter:label1\" content=\"Geschatte leestijd\" \/>\n\t<meta name=\"twitter:data1\" content=\"4 minuten\" \/>\n<script type=\"application\/ld+json\" class=\"yoast-schema-graph\">{\"@context\":\"https:\\\/\\\/schema.org\",\"@graph\":[{\"@type\":\"WebPage\",\"@id\":\"https:\\\/\\\/lightweightoutdoor.com\\\/nl\\\/product\\\/durston-x-mid-2-solid-tent\\\/\",\"url\":\"https:\\\/\\\/lightweightoutdoor.com\\\/nl\\\/product\\\/durston-x-mid-2-solid-tent\\\/\",\"name\":\"Durston - X-Mid 2 Solid - Tent - Lightweight Outdoor\",\"isPartOf\":{\"@id\":\"https:\\\/\\\/lightweightoutdoor.com\\\/nl\\\/#website\"},\"primaryImageOfPage\":{\"@id\":\"https:\\\/\\\/lightweightoutdoor.com\\\/nl\\\/product\\\/durston-x-mid-2-solid-tent\\\/#primaryimage\"},\"image\":{\"@id\":\"https:\\\/\\\/lightweightoutdoor.com\\\/nl\\\/product\\\/durston-x-mid-2-solid-tent\\\/#primaryimage\"},\"thumbnailUrl\":\"https:\\\/\\\/lightweightoutdoor.com\\\/wp-content\\\/uploads\\\/2024\\\/12\\\/X-Mid-2-Solid-Ultralight-Backpacking-Tent.webp\",\"datePublished\":\"2024-12-23T22:08:02+00:00\",\"dateModified\":\"2026-02-07T12:36:24+00:00\",\"description\":\"The Durston X-Mid 2p solid is een ruime lichtgewicht tent voor 2 personen die geschikt is voor het gebruik in alle 4 seizoenen\",\"breadcrumb\":{\"@id\":\"https:\\\/\\\/lightweightoutdoor.com\\\/nl\\\/product\\\/durston-x-mid-2-solid-tent\\\/#breadcrumb\"},\"inLanguage\":\"nl-NL\",\"potentialAction\":[{\"@type\":\"ReadAction\",\"target\":[\"https:\\\/\\\/lightweightoutdoor.com\\\/nl\\\/product\\\/durston-x-mid-2-solid-tent\\\/\"]}]},{\"@type\":\"ImageObject\",\"inLanguage\":\"nl-NL\",\"@id\":\"https:\\\/\\\/lightweightoutdoor.com\\\/nl\\\/product\\\/durston-x-mid-2-solid-tent\\\/#primaryimage\",\"url\":\"https:\\\/\\\/lightweightoutdoor.com\\\/wp-content\\\/uploads\\\/2024\\\/12\\\/X-Mid-2-Solid-Ultralight-Backpacking-Tent.webp\",\"contentUrl\":\"https:\\\/\\\/lightweightoutdoor.com\\\/wp-content\\\/uploads\\\/2024\\\/12\\\/X-Mid-2-Solid-Ultralight-Backpacking-Tent.webp\",\"width\":1000,\"height\":750},{\"@type\":\"BreadcrumbList\",\"@id\":\"https:\\\/\\\/lightweightoutdoor.com\\\/nl\\\/product\\\/durston-x-mid-2-solid-tent\\\/#breadcrumb\",\"itemListElement\":[{\"@type\":\"ListItem\",\"position\":1,\"name\":\"Home\",\"item\":\"https:\\\/\\\/lightweightoutdoor.com\\\/nl\\\/\"},{\"@type\":\"ListItem\",\"position\":2,\"name\":\"Shop\",\"item\":\"https:\\\/\\\/lightweightoutdoor.com\\\/nl\\\/winkel\\\/\"},{\"@type\":\"ListItem\",\"position\":3,\"name\":\"Durston &#8211; X-Mid 2 Solid &#8211; Tent\"}]},{\"@type\":\"WebSite\",\"@id\":\"https:\\\/\\\/lightweightoutdoor.com\\\/nl\\\/#website\",\"url\":\"https:\\\/\\\/lightweightoutdoor.com\\\/nl\\\/\",\"name\":\"Lightweight Outdoor\",\"description\":\"ultralight gear for every adventure\",\"publisher\":{\"@id\":\"https:\\\/\\\/lightweightoutdoor.com\\\/nl\\\/#organization\"},\"alternateName\":\"Ultralight outdoor gear\",\"potentialAction\":[{\"@type\":\"SearchAction\",\"target\":{\"@type\":\"EntryPoint\",\"urlTemplate\":\"https:\\\/\\\/lightweightoutdoor.com\\\/nl\\\/?s={search_term_string}\"},\"query-input\":{\"@type\":\"PropertyValueSpecification\",\"valueRequired\":true,\"valueName\":\"search_term_string\"}}],\"inLanguage\":\"nl-NL\"},{\"@type\":\"Organization\",\"@id\":\"https:\\\/\\\/lightweightoutdoor.com\\\/nl\\\/#organization\",\"name\":\"Lightweight Outdoor\",\"alternateName\":\"lightweight outdoor\",\"url\":\"https:\\\/\\\/lightweightoutdoor.com\\\/nl\\\/\",\"logo\":{\"@type\":\"ImageObject\",\"inLanguage\":\"nl-NL\",\"@id\":\"https:\\\/\\\/lightweightoutdoor.com\\\/nl\\\/#\\\/schema\\\/logo\\\/image\\\/\",\"url\":\"https:\\\/\\\/lightweightoutdoor.com\\\/wp-content\\\/uploads\\\/2024\\\/03\\\/lightweightoutdoor.png\",\"contentUrl\":\"https:\\\/\\\/lightweightoutdoor.com\\\/wp-content\\\/uploads\\\/2024\\\/03\\\/lightweightoutdoor.png\",\"width\":575,\"height\":480,\"caption\":\"Lightweight Outdoor\"},\"image\":{\"@id\":\"https:\\\/\\\/lightweightoutdoor.com\\\/nl\\\/#\\\/schema\\\/logo\\\/image\\\/\"},\"sameAs\":[\"https:\\\/\\\/www.instagram.com\\\/lightweightoutdoor\\\/\"]}]}<\/script>\n<!-- \/ Yoast SEO plugin. -->","yoast_head_json":{"title":"Durston - X-Mid 2 Solid - Tent - Lightweight Outdoor","description":"The Durston X-Mid 2p solid is een ruime lichtgewicht tent voor 2 personen die geschikt is voor het gebruik in alle 4 seizoenen","robots":{"index":"index","follow":"follow","max-snippet":"max-snippet:-1","max-image-preview":"max-image-preview:large","max-video-preview":"max-video-preview:-1"},"canonical":"https:\/\/lightweightoutdoor.com\/nl\/product\/durston-x-mid-2-solid-tent\/","og_locale":"nl_NL","og_type":"article","og_title":"Durston - X-Mid 2 Solid - Tent - Lightweight Outdoor","og_description":"The Durston X-Mid 2p solid is een ruime lichtgewicht tent voor 2 personen die geschikt is voor het gebruik in alle 4 seizoenen","og_url":"https:\/\/lightweightoutdoor.com\/nl\/product\/durston-x-mid-2-solid-tent\/","og_site_name":"Lightweight Outdoor","article_modified_time":"2026-02-07T12:36:24+00:00","og_image":[{"width":1000,"height":750,"url":"https:\/\/lightweightoutdoor.com\/wp-content\/uploads\/2024\/12\/X-Mid-2-Solid-Ultralight-Backpacking-Tent.webp","type":"image\/webp"}],"twitter_card":"summary_large_image","twitter_misc":{"Geschatte leestijd":"4 minuten"},"schema":{"@context":"https:\/\/schema.org","@graph":[{"@type":"WebPage","@id":"https:\/\/lightweightoutdoor.com\/nl\/product\/durston-x-mid-2-solid-tent\/","url":"https:\/\/lightweightoutdoor.com\/nl\/product\/durston-x-mid-2-solid-tent\/","name":"Durston - X-Mid 2 Solid - Tent - Lightweight Outdoor","isPartOf":{"@id":"https:\/\/lightweightoutdoor.com\/nl\/#website"},"primaryImageOfPage":{"@id":"https:\/\/lightweightoutdoor.com\/nl\/product\/durston-x-mid-2-solid-tent\/#primaryimage"},"image":{"@id":"https:\/\/lightweightoutdoor.com\/nl\/product\/durston-x-mid-2-solid-tent\/#primaryimage"},"thumbnailUrl":"https:\/\/lightweightoutdoor.com\/wp-content\/uploads\/2024\/12\/X-Mid-2-Solid-Ultralight-Backpacking-Tent.webp","datePublished":"2024-12-23T22:08:02+00:00","dateModified":"2026-02-07T12:36:24+00:00","description":"The Durston X-Mid 2p solid is een ruime lichtgewicht tent voor 2 personen die geschikt is voor het gebruik in alle 4 seizoenen","breadcrumb":{"@id":"https:\/\/lightweightoutdoor.com\/nl\/product\/durston-x-mid-2-solid-tent\/#breadcrumb"},"inLanguage":"nl-NL","potentialAction":[{"@type":"ReadAction","target":["https:\/\/lightweightoutdoor.com\/nl\/product\/durston-x-mid-2-solid-tent\/"]}]},{"@type":"ImageObject","inLanguage":"nl-NL","@id":"https:\/\/lightweightoutdoor.com\/nl\/product\/durston-x-mid-2-solid-tent\/#primaryimage","url":"https:\/\/lightweightoutdoor.com\/wp-content\/uploads\/2024\/12\/X-Mid-2-Solid-Ultralight-Backpacking-Tent.webp","contentUrl":"https:\/\/lightweightoutdoor.com\/wp-content\/uploads\/2024\/12\/X-Mid-2-Solid-Ultralight-Backpacking-Tent.webp","width":1000,"height":750},{"@type":"BreadcrumbList","@id":"https:\/\/lightweightoutdoor.com\/nl\/product\/durston-x-mid-2-solid-tent\/#breadcrumb","itemListElement":[{"@type":"ListItem","position":1,"name":"Home","item":"https:\/\/lightweightoutdoor.com\/nl\/"},{"@type":"ListItem","position":2,"name":"Shop","item":"https:\/\/lightweightoutdoor.com\/nl\/winkel\/"},{"@type":"ListItem","position":3,"name":"Durston &#8211; X-Mid 2 Solid &#8211; Tent"}]},{"@type":"WebSite","@id":"https:\/\/lightweightoutdoor.com\/nl\/#website","url":"https:\/\/lightweightoutdoor.com\/nl\/","name":"Lightweight Outdoor","description":"ultralight gear for every adventure","publisher":{"@id":"https:\/\/lightweightoutdoor.com\/nl\/#organization"},"alternateName":"Ultralight outdoor gear","potentialAction":[{"@type":"SearchAction","target":{"@type":"EntryPoint","urlTemplate":"https:\/\/lightweightoutdoor.com\/nl\/?s={search_term_string}"},"query-input":{"@type":"PropertyValueSpecification","valueRequired":true,"valueName":"search_term_string"}}],"inLanguage":"nl-NL"},{"@type":"Organization","@id":"https:\/\/lightweightoutdoor.com\/nl\/#organization","name":"Lightweight Outdoor","alternateName":"lightweight outdoor","url":"https:\/\/lightweightoutdoor.com\/nl\/","logo":{"@type":"ImageObject","inLanguage":"nl-NL","@id":"https:\/\/lightweightoutdoor.com\/nl\/#\/schema\/logo\/image\/","url":"https:\/\/lightweightoutdoor.com\/wp-content\/uploads\/2024\/03\/lightweightoutdoor.png","contentUrl":"https:\/\/lightweightoutdoor.com\/wp-content\/uploads\/2024\/03\/lightweightoutdoor.png","width":575,"height":480,"caption":"Lightweight Outdoor"},"image":{"@id":"https:\/\/lightweightoutdoor.com\/nl\/#\/schema\/logo\/image\/"},"sameAs":["https:\/\/www.instagram.com\/lightweightoutdoor\/"]}]}},"jetpack_sharing_enabled":true,"_links":{"self":[{"href":"https:\/\/lightweightoutdoor.com\/nl\/wp-json\/wp\/v2\/product\/121090","targetHints":{"allow":["GET"]}}],"collection":[{"href":"https:\/\/lightweightoutdoor.com\/nl\/wp-json\/wp\/v2\/product"}],"about":[{"href":"https:\/\/lightweightoutdoor.com\/nl\/wp-json\/wp\/v2\/types\/product"}],"replies":[{"embeddable":true,"href":"https:\/\/lightweightoutdoor.com\/nl\/wp-json\/wp\/v2\/comments?post=121090"}],"wp:featuredmedia":[{"embeddable":true,"href":"https:\/\/lightweightoutdoor.com\/nl\/wp-json\/wp\/v2\/media\/121108"}],"wp:attachment":[{"href":"https:\/\/lightweightoutdoor.com\/nl\/wp-json\/wp\/v2\/media?parent=121090"}],"wp:term":[{"taxonomy":"product_brand","embeddable":true,"href":"https:\/\/lightweightoutdoor.com\/nl\/wp-json\/wp\/v2\/product_brand?post=121090"},{"taxonomy":"product_cat","embeddable":true,"href":"https:\/\/lightweightoutdoor.com\/nl\/wp-json\/wp\/v2\/product_cat?post=121090"},{"taxonomy":"product_tag","embeddable":true,"href":"https:\/\/lightweightoutdoor.com\/nl\/wp-json\/wp\/v2\/product_tag?post=121090"}],"curies":[{"name":"wp","href":"https:\/\/api.w.org\/{rel}","templated":true}]}}