{"id":120111,"date":"2024-08-28T20:36:03","date_gmt":"2024-08-28T19:36:03","guid":{"rendered":"https:\/\/lightweightoutdoor.com\/product\/durston-x-mid-2-persoons-tent\/"},"modified":"2026-04-23T16:48:43","modified_gmt":"2026-04-23T15:48:43","slug":"durston-x-mid-2-persoons-tent","status":"publish","type":"product","link":"https:\/\/lightweightoutdoor.com\/nl\/product\/durston-x-mid-2-persoons-tent\/","title":{"rendered":"Durston &#8211; X-Mid &#8211; 2 persoons tent"},"content":{"rendered":"<p>De Durston X-mid 2 is een lichtgewicht ruimte 2-persoons tent die je eenvoudig met twee wandelstokken kan opzetten.<\/p>\n<p>Sinds de eerste X-Mid die uitkwam in samenwerking met Massdrop zijn we al fan van de Durston tenten, en het is nog steeds een van onze absolute favoriete tenten (en dat is alleen maar omdat de pro-versie inmiddels uit is). De X-Mid 2 biedt veel meer ruimte, ruim genoeg voor twee personen, maar ook absoluut een luxe wanneer je solo kampeert. Het hele concept is simpelweg fantastisch: licht genoeg om mee te dragen, klein genoeg om in te pakken, gemakkelijk op te zetten (het is tenslotte slechts een vierkant) en ongelooflijk ruim.<\/p>\n<p>De X-Mid tent is het meesterwerk van Dan Durston en is ontwikkeld vanuit de basisprincipes van de geometrie. Hierdoor is het ontwerp het meest gewichtseffici\u00ebnte, eenvoudig in gebruik en stormbestendige design voor een trekking tent. De X-Mid 2 is een dubbelwandige tent die gebruiksvriendelijk, capabel en ruim is, terwijl hij slechts iets meer dan 1000 gram weegt (zonder stokken). De X-Mid geometrie optimaliseert de ruimte door gebruik te maken van een diagonale noklijn die de twee stokken verder uit elkaar plaatst (het lijkt wat vreemd de eerste keer dat je hem opzet, maar het is echt een slim ontwerp), wat de stabiliteit vergroot en de binnenruimte maximaliseert zonder in te boeten aan windbestendigheid.<br \/>\nDit ontwerp cre\u00ebert een ruime eenpersoonstent met uitzonderlijke hoofdruimte, zodat je overal comfortabel rechtop kunt zitten zonder het plafond te raken. De tentbodem biedt een royale lengte van 230 cm en steile eindwanden, waardoor er voldoende ruimte is voor wandelaars tot 193 cm lang. Met een breedte van 81 cm past hij gemakkelijk de breedste slaapmatten. Bovendien zijn de dubbele vestibules ruim en hoog, waardoor er genoeg ruimte is voor grote rugzakken, vuile schoenen en andere uitrusting.<\/p>\n<h3>X-Mid 2: slim ontwerp, eenvoudig in gebruik oog voor detail<\/h3>\n<p>Eenvoud en gebruiksgemak staan centraal in het ontwerp van de X-Mid tent. Na een lange dag of in slecht weer heeft niemand zin in een tent die lastig op te zetten is. De X-Mid legt de nadruk op simpele ontwerpprincipes, aandacht voor detail en uitgebreide praktijktesten om een probleemloze ervaring te garanderen. In tegenstelling tot de meeste trekkingstok-tenten heeft de X-Mid een rechthoekige basis, wat zorgt voor een snelle opzet met slechts vier haringen. Er zijn geen verplichte scheerlijnen, onhandige stutten of ingewikkelde stokhoogtes nodig. Met slechts vier haringen en twee uitschuifbare stokken staat de tent in een handomdraai.<br \/>\nHet gebruiksgemak blijft ook nadat de tent is opgezet. De X-Mid is ontworpen met grote, onbelemmerde deuropeningen, vestibules die handig naast de ingang geplaatst zijn, magnetische deurhouders (als gear nerd vind ik deze echt fantastisch ze zijn super handig!!!), intu\u00eftieve zakken en ritsen die met \u00e9\u00e9n hand bediend kunnen worden. Bovendien is de buitentent van polyester gemaakt, wat beter bestand is tegen uitzakken en waterabsorptie dan nylon, zodat de tent strak blijft staan en snel droogt. Toen polyester in 2018 werd ge\u00efntroduceerd met de X-Mid, was dat een gedurfde keuze, maar sindsdien hebben veel andere bedrijven dit voorbeeld gevolgd.<\/p>\n<h3>Slecht weer vormt geen uitdaging voor de X-Mid 2<\/h3>\n<p>We hebben een aantal pittige nachten in deze tent doorgebracht tijdens extreem weer, maar hij heeft altijd perfect standgehouden. In tegenstelling tot andere ultralichte tenten, die vaak meer ontworpen zijn voor goed weer en daardoor inleveren op stormbestendigheid, is de Durston X-Mid een zeer capabele tent in zowel goede als slechte weersomstandigheden, zelfs bij harde wind. De X-Mid blinkt uit in ruig weer dankzij zijn fly-first opzet, volledig dubbelwandig ontwerp, niet-uitzakkend polyestermateriaal, grote verstelbare ventilatieopeningen, waterdichte naden, volledig dekkende buitentent (beschermt tegen opspattende regen en tocht), stormbestendige vorm en beschermde ingangen die voorkomen dat regen naar binnen valt. Geen enkele andere tent kan al deze vakjes afvinken! Vertrouw niet alleen op onze mening: de X-Mid is de afgelopen jaren een van de meest bekroonde tenten geweest, met de onderscheidingen voor beste tent van onder andere <a href=\"https:\/\/thetrek.co\/best-thru-hiking-tents\/\">The Trek<\/a>, <a href=\"https:\/\/www.outdoorgearlab.com\/topics\/camping-and-hiking\/best-ultralight-tent\">Outdoor GearLab<\/a>, <a href=\"https:\/\/sectionhiker.com\/sectionhiker-gear-guide\/10-best-backpacking-tents\/\">Section Hiker<\/a> en vele andere gerenommeerde platforms.<\/p>\n<h2>Specificaties Durston X-Mid 2 2-persoons tent<\/h2>\n<ul>\n<li>Gewicht:\n<ul>\n<li>Buitentent: 580 gr<\/li>\n<li>Binnentent: 425 gr<\/li>\n<li>Hele tent: 1005 gr<\/li>\n<li>Opbergtas: 12 gr<\/li>\n<li>Normale opzet: 1085 g (tent, opbergtassen, 6 haringen)<\/li>\n<\/ul>\n<\/li>\n<li>Afmetingen:\n<ul>\n<li>Vloerlengte: 2.32 m<\/li>\n<li>Vloerbreedte: 134 cm<\/li>\n<li>Hoogte: 122 cm<\/li>\n<li>Voetafdruk buitentent: 210 x 254 cm<\/li>\n<li>Ingepakt formaat: 30 x 15 cm<\/li>\n<\/ul>\n<\/li>\n<li>Materialen:\n<ul>\n<li>Buitententmateriaal: 20D Sil\/PE polyester 3500 mm HH in Sage<\/li>\n<li>Vloermateriaal: 20D Sil\/PE polyester 3500 mm HH in Grijs<\/li>\n<li>YKK #3 AquaGuard met gesp<\/li>\n<\/ul>\n<\/li>\n<li>Bij aankoop ontvang je:\n<ul>\n<li>Regenbestendige buitentent<\/li>\n<li>Binnentent<\/li>\n<li>6 DAC haringen (4 normale, 2 kleine)<\/li>\n<li><span style=\"text-decoration: underline;\"><strong><em>GEEN STOKKEN, je kunt je eigen trekkingstokken gebruiken, of de <a href=\"https:\/\/lightweightoutdoor.com\/product\/durston-z-flick-tent-pole\/\">Durston Z-flick stokken <\/a>aanschaffen<\/em><\/strong><\/span><\/li>\n<\/ul>\n<\/li>\n<\/ul>\n<p>Lees alles over de tent op: <a href=\"https:\/\/durstongear.com\/products\/x-mid-2-tent-ultralight-backpacking\">https:\/\/durstongear.com\/products\/x-mid-2-tent-ultralight-backpacking<\/a> https:\/\/youtu.be\/Al1jrkKrVYo?list=TLGGRXiO-udYgGsyOTA4MjAyNA<\/p>\n","protected":false},"excerpt":{"rendered":"<p>De Durston X-Mid 2-persoonstent: nu verkrijgbaar in Nederland en kan rechtstreeks verzonden worden (uiteraard ook naar alle andere landen in Europa). Een van de beste 2-persoonstenten (of een zeer ruime 1-persoonstent voor alle solo-wandelaars die graag een luxueus onderkomen hebben).<\/p>\n","protected":false},"featured_media":120080,"comment_status":"open","ping_status":"closed","template":"","meta":{"_acf_changed":false},"product_brand":[3873],"product_cat":[3433,23],"product_tag":[1101,3719,3633],"class_list":{"0":"post-120111","1":"product","2":"type-product","3":"status-publish","4":"has-post-thumbnail","6":"product_brand-durston","7":"product_cat-durston-gear","8":"product_cat-tenten","9":"product_tag-2-person","10":"product_tag-2-persoon-nl","11":"product_tag-x-mid-nl","13":"first","14":"outofstock","15":"taxable","16":"shipping-taxable","17":"purchasable","18":"product-type-simple"},"supplier_id":null,"supplier_sku":"","barcode":null,"atum_controlled":true,"out_stock_date":"2026-04-24 10:55:12","out_stock_threshold":null,"inheritable":false,"inbound_stock":0,"stock_on_hold":0,"sold_today":0,"sales_last_days":2,"reserved_stock":0,"customer_returns":0,"warehouse_damage":0,"lost_in_post":0,"other_logs":0,"out_stock_days":3,"lost_sales":171,"has_location":false,"update_date":"2026-04-28T00:16:24","atum_locations":[],"atum_stock_status":"outofstock","restock_status":false,"low_stock_amount":0,"sales_update_date":"2026-04-28T00:16:24","calc_backorders":null,"acf":[],"yoast_head":"<!-- This site is optimized with the Yoast SEO plugin v27.4 - https:\/\/yoast.com\/product\/yoast-seo-wordpress\/ -->\n<title>Durston - X-Mid - 2 persoons tent - Lightweight Outdoor<\/title>\n<meta name=\"description\" content=\"De Durston X-Mid 2P tent is een lichte, ruime en compacte tent voor twee personen, eenvoudig op te zetten. Perfect voor wandelaars die comfort en betrouwbaarheid zoeken, ongeacht het weer.\" \/>\n<meta name=\"robots\" content=\"index, follow, max-snippet:-1, max-image-preview:large, max-video-preview:-1\" \/>\n<link rel=\"canonical\" href=\"https:\/\/lightweightoutdoor.com\/nl\/product\/durston-x-mid-2-persoons-tent\/\" \/>\n<meta property=\"og:locale\" content=\"nl_NL\" \/>\n<meta property=\"og:type\" content=\"article\" \/>\n<meta property=\"og:title\" content=\"Durston - X-Mid - 2 persoons tent - Lightweight Outdoor\" \/>\n<meta property=\"og:description\" content=\"De Durston X-Mid 2P tent is een lichte, ruime en compacte tent voor twee personen, eenvoudig op te zetten. Perfect voor wandelaars die comfort en betrouwbaarheid zoeken, ongeacht het weer.\" \/>\n<meta property=\"og:url\" content=\"https:\/\/lightweightoutdoor.com\/nl\/product\/durston-x-mid-2-persoons-tent\/\" \/>\n<meta property=\"og:site_name\" content=\"Lightweight Outdoor\" \/>\n<meta property=\"article:modified_time\" content=\"2026-04-23T15:48:43+00:00\" \/>\n<meta property=\"og:image\" content=\"https:\/\/lightweightoutdoor.com\/wp-content\/uploads\/2024\/08\/Durston-X-Mid-2-Ultralight-Tent-Backpacking-Best-Side-view.webp\" \/>\n\t<meta property=\"og:image:width\" content=\"1400\" \/>\n\t<meta property=\"og:image:height\" content=\"1050\" \/>\n\t<meta property=\"og:image:type\" content=\"image\/webp\" \/>\n<meta name=\"twitter:card\" content=\"summary_large_image\" \/>\n<meta name=\"twitter:label1\" content=\"Geschatte leestijd\" \/>\n\t<meta name=\"twitter:data1\" content=\"4 minuten\" \/>\n<script type=\"application\/ld+json\" class=\"yoast-schema-graph\">{\"@context\":\"https:\\\/\\\/schema.org\",\"@graph\":[{\"@type\":\"WebPage\",\"@id\":\"https:\\\/\\\/lightweightoutdoor.com\\\/nl\\\/product\\\/durston-x-mid-2-persoons-tent\\\/\",\"url\":\"https:\\\/\\\/lightweightoutdoor.com\\\/nl\\\/product\\\/durston-x-mid-2-persoons-tent\\\/\",\"name\":\"Durston - X-Mid - 2 persoons tent - Lightweight Outdoor\",\"isPartOf\":{\"@id\":\"https:\\\/\\\/lightweightoutdoor.com\\\/nl\\\/#website\"},\"primaryImageOfPage\":{\"@id\":\"https:\\\/\\\/lightweightoutdoor.com\\\/nl\\\/product\\\/durston-x-mid-2-persoons-tent\\\/#primaryimage\"},\"image\":{\"@id\":\"https:\\\/\\\/lightweightoutdoor.com\\\/nl\\\/product\\\/durston-x-mid-2-persoons-tent\\\/#primaryimage\"},\"thumbnailUrl\":\"https:\\\/\\\/lightweightoutdoor.com\\\/wp-content\\\/uploads\\\/2024\\\/08\\\/Durston-X-Mid-2-Ultralight-Tent-Backpacking-Best-Side-view.webp\",\"datePublished\":\"2024-08-28T19:36:03+00:00\",\"dateModified\":\"2026-04-23T15:48:43+00:00\",\"description\":\"De Durston X-Mid 2P tent is een lichte, ruime en compacte tent voor twee personen, eenvoudig op te zetten. Perfect voor wandelaars die comfort en betrouwbaarheid zoeken, ongeacht het weer.\",\"breadcrumb\":{\"@id\":\"https:\\\/\\\/lightweightoutdoor.com\\\/nl\\\/product\\\/durston-x-mid-2-persoons-tent\\\/#breadcrumb\"},\"inLanguage\":\"nl-NL\",\"potentialAction\":[{\"@type\":\"ReadAction\",\"target\":[\"https:\\\/\\\/lightweightoutdoor.com\\\/nl\\\/product\\\/durston-x-mid-2-persoons-tent\\\/\"]}]},{\"@type\":\"ImageObject\",\"inLanguage\":\"nl-NL\",\"@id\":\"https:\\\/\\\/lightweightoutdoor.com\\\/nl\\\/product\\\/durston-x-mid-2-persoons-tent\\\/#primaryimage\",\"url\":\"https:\\\/\\\/lightweightoutdoor.com\\\/wp-content\\\/uploads\\\/2024\\\/08\\\/Durston-X-Mid-2-Ultralight-Tent-Backpacking-Best-Side-view.webp\",\"contentUrl\":\"https:\\\/\\\/lightweightoutdoor.com\\\/wp-content\\\/uploads\\\/2024\\\/08\\\/Durston-X-Mid-2-Ultralight-Tent-Backpacking-Best-Side-view.webp\",\"width\":1400,\"height\":1050},{\"@type\":\"BreadcrumbList\",\"@id\":\"https:\\\/\\\/lightweightoutdoor.com\\\/nl\\\/product\\\/durston-x-mid-2-persoons-tent\\\/#breadcrumb\",\"itemListElement\":[{\"@type\":\"ListItem\",\"position\":1,\"name\":\"Home\",\"item\":\"https:\\\/\\\/lightweightoutdoor.com\\\/nl\\\/\"},{\"@type\":\"ListItem\",\"position\":2,\"name\":\"Shop\",\"item\":\"https:\\\/\\\/lightweightoutdoor.com\\\/nl\\\/winkel\\\/\"},{\"@type\":\"ListItem\",\"position\":3,\"name\":\"Durston &#8211; X-Mid &#8211; 2 persoons tent\"}]},{\"@type\":\"WebSite\",\"@id\":\"https:\\\/\\\/lightweightoutdoor.com\\\/nl\\\/#website\",\"url\":\"https:\\\/\\\/lightweightoutdoor.com\\\/nl\\\/\",\"name\":\"Lightweight Outdoor\",\"description\":\"ultralight gear for every adventure\",\"publisher\":{\"@id\":\"https:\\\/\\\/lightweightoutdoor.com\\\/nl\\\/#organization\"},\"alternateName\":\"Ultralight outdoor gear\",\"potentialAction\":[{\"@type\":\"SearchAction\",\"target\":{\"@type\":\"EntryPoint\",\"urlTemplate\":\"https:\\\/\\\/lightweightoutdoor.com\\\/nl\\\/?s={search_term_string}\"},\"query-input\":{\"@type\":\"PropertyValueSpecification\",\"valueRequired\":true,\"valueName\":\"search_term_string\"}}],\"inLanguage\":\"nl-NL\"},{\"@type\":\"Organization\",\"@id\":\"https:\\\/\\\/lightweightoutdoor.com\\\/nl\\\/#organization\",\"name\":\"Lightweight Outdoor\",\"alternateName\":\"lightweight outdoor\",\"url\":\"https:\\\/\\\/lightweightoutdoor.com\\\/nl\\\/\",\"logo\":{\"@type\":\"ImageObject\",\"inLanguage\":\"nl-NL\",\"@id\":\"https:\\\/\\\/lightweightoutdoor.com\\\/nl\\\/#\\\/schema\\\/logo\\\/image\\\/\",\"url\":\"https:\\\/\\\/lightweightoutdoor.com\\\/wp-content\\\/uploads\\\/2024\\\/03\\\/lightweightoutdoor.png\",\"contentUrl\":\"https:\\\/\\\/lightweightoutdoor.com\\\/wp-content\\\/uploads\\\/2024\\\/03\\\/lightweightoutdoor.png\",\"width\":575,\"height\":480,\"caption\":\"Lightweight Outdoor\"},\"image\":{\"@id\":\"https:\\\/\\\/lightweightoutdoor.com\\\/nl\\\/#\\\/schema\\\/logo\\\/image\\\/\"},\"sameAs\":[\"https:\\\/\\\/www.instagram.com\\\/lightweightoutdoor\\\/\"]}]}<\/script>\n<!-- \/ Yoast SEO plugin. -->","yoast_head_json":{"title":"Durston - X-Mid - 2 persoons tent - Lightweight Outdoor","description":"De Durston X-Mid 2P tent is een lichte, ruime en compacte tent voor twee personen, eenvoudig op te zetten. Perfect voor wandelaars die comfort en betrouwbaarheid zoeken, ongeacht het weer.","robots":{"index":"index","follow":"follow","max-snippet":"max-snippet:-1","max-image-preview":"max-image-preview:large","max-video-preview":"max-video-preview:-1"},"canonical":"https:\/\/lightweightoutdoor.com\/nl\/product\/durston-x-mid-2-persoons-tent\/","og_locale":"nl_NL","og_type":"article","og_title":"Durston - X-Mid - 2 persoons tent - Lightweight Outdoor","og_description":"De Durston X-Mid 2P tent is een lichte, ruime en compacte tent voor twee personen, eenvoudig op te zetten. Perfect voor wandelaars die comfort en betrouwbaarheid zoeken, ongeacht het weer.","og_url":"https:\/\/lightweightoutdoor.com\/nl\/product\/durston-x-mid-2-persoons-tent\/","og_site_name":"Lightweight Outdoor","article_modified_time":"2026-04-23T15:48:43+00:00","og_image":[{"width":1400,"height":1050,"url":"https:\/\/lightweightoutdoor.com\/wp-content\/uploads\/2024\/08\/Durston-X-Mid-2-Ultralight-Tent-Backpacking-Best-Side-view.webp","type":"image\/webp"}],"twitter_card":"summary_large_image","twitter_misc":{"Geschatte leestijd":"4 minuten"},"schema":{"@context":"https:\/\/schema.org","@graph":[{"@type":"WebPage","@id":"https:\/\/lightweightoutdoor.com\/nl\/product\/durston-x-mid-2-persoons-tent\/","url":"https:\/\/lightweightoutdoor.com\/nl\/product\/durston-x-mid-2-persoons-tent\/","name":"Durston - X-Mid - 2 persoons tent - Lightweight Outdoor","isPartOf":{"@id":"https:\/\/lightweightoutdoor.com\/nl\/#website"},"primaryImageOfPage":{"@id":"https:\/\/lightweightoutdoor.com\/nl\/product\/durston-x-mid-2-persoons-tent\/#primaryimage"},"image":{"@id":"https:\/\/lightweightoutdoor.com\/nl\/product\/durston-x-mid-2-persoons-tent\/#primaryimage"},"thumbnailUrl":"https:\/\/lightweightoutdoor.com\/wp-content\/uploads\/2024\/08\/Durston-X-Mid-2-Ultralight-Tent-Backpacking-Best-Side-view.webp","datePublished":"2024-08-28T19:36:03+00:00","dateModified":"2026-04-23T15:48:43+00:00","description":"De Durston X-Mid 2P tent is een lichte, ruime en compacte tent voor twee personen, eenvoudig op te zetten. Perfect voor wandelaars die comfort en betrouwbaarheid zoeken, ongeacht het weer.","breadcrumb":{"@id":"https:\/\/lightweightoutdoor.com\/nl\/product\/durston-x-mid-2-persoons-tent\/#breadcrumb"},"inLanguage":"nl-NL","potentialAction":[{"@type":"ReadAction","target":["https:\/\/lightweightoutdoor.com\/nl\/product\/durston-x-mid-2-persoons-tent\/"]}]},{"@type":"ImageObject","inLanguage":"nl-NL","@id":"https:\/\/lightweightoutdoor.com\/nl\/product\/durston-x-mid-2-persoons-tent\/#primaryimage","url":"https:\/\/lightweightoutdoor.com\/wp-content\/uploads\/2024\/08\/Durston-X-Mid-2-Ultralight-Tent-Backpacking-Best-Side-view.webp","contentUrl":"https:\/\/lightweightoutdoor.com\/wp-content\/uploads\/2024\/08\/Durston-X-Mid-2-Ultralight-Tent-Backpacking-Best-Side-view.webp","width":1400,"height":1050},{"@type":"BreadcrumbList","@id":"https:\/\/lightweightoutdoor.com\/nl\/product\/durston-x-mid-2-persoons-tent\/#breadcrumb","itemListElement":[{"@type":"ListItem","position":1,"name":"Home","item":"https:\/\/lightweightoutdoor.com\/nl\/"},{"@type":"ListItem","position":2,"name":"Shop","item":"https:\/\/lightweightoutdoor.com\/nl\/winkel\/"},{"@type":"ListItem","position":3,"name":"Durston &#8211; X-Mid &#8211; 2 persoons tent"}]},{"@type":"WebSite","@id":"https:\/\/lightweightoutdoor.com\/nl\/#website","url":"https:\/\/lightweightoutdoor.com\/nl\/","name":"Lightweight Outdoor","description":"ultralight gear for every adventure","publisher":{"@id":"https:\/\/lightweightoutdoor.com\/nl\/#organization"},"alternateName":"Ultralight outdoor gear","potentialAction":[{"@type":"SearchAction","target":{"@type":"EntryPoint","urlTemplate":"https:\/\/lightweightoutdoor.com\/nl\/?s={search_term_string}"},"query-input":{"@type":"PropertyValueSpecification","valueRequired":true,"valueName":"search_term_string"}}],"inLanguage":"nl-NL"},{"@type":"Organization","@id":"https:\/\/lightweightoutdoor.com\/nl\/#organization","name":"Lightweight Outdoor","alternateName":"lightweight outdoor","url":"https:\/\/lightweightoutdoor.com\/nl\/","logo":{"@type":"ImageObject","inLanguage":"nl-NL","@id":"https:\/\/lightweightoutdoor.com\/nl\/#\/schema\/logo\/image\/","url":"https:\/\/lightweightoutdoor.com\/wp-content\/uploads\/2024\/03\/lightweightoutdoor.png","contentUrl":"https:\/\/lightweightoutdoor.com\/wp-content\/uploads\/2024\/03\/lightweightoutdoor.png","width":575,"height":480,"caption":"Lightweight Outdoor"},"image":{"@id":"https:\/\/lightweightoutdoor.com\/nl\/#\/schema\/logo\/image\/"},"sameAs":["https:\/\/www.instagram.com\/lightweightoutdoor\/"]}]}},"jetpack_sharing_enabled":true,"_links":{"self":[{"href":"https:\/\/lightweightoutdoor.com\/nl\/wp-json\/wp\/v2\/product\/120111","targetHints":{"allow":["GET"]}}],"collection":[{"href":"https:\/\/lightweightoutdoor.com\/nl\/wp-json\/wp\/v2\/product"}],"about":[{"href":"https:\/\/lightweightoutdoor.com\/nl\/wp-json\/wp\/v2\/types\/product"}],"replies":[{"embeddable":true,"href":"https:\/\/lightweightoutdoor.com\/nl\/wp-json\/wp\/v2\/comments?post=120111"}],"wp:featuredmedia":[{"embeddable":true,"href":"https:\/\/lightweightoutdoor.com\/nl\/wp-json\/wp\/v2\/media\/120080"}],"wp:attachment":[{"href":"https:\/\/lightweightoutdoor.com\/nl\/wp-json\/wp\/v2\/media?parent=120111"}],"wp:term":[{"taxonomy":"product_brand","embeddable":true,"href":"https:\/\/lightweightoutdoor.com\/nl\/wp-json\/wp\/v2\/product_brand?post=120111"},{"taxonomy":"product_cat","embeddable":true,"href":"https:\/\/lightweightoutdoor.com\/nl\/wp-json\/wp\/v2\/product_cat?post=120111"},{"taxonomy":"product_tag","embeddable":true,"href":"https:\/\/lightweightoutdoor.com\/nl\/wp-json\/wp\/v2\/product_tag?post=120111"}],"curies":[{"name":"wp","href":"https:\/\/api.w.org\/{rel}","templated":true}]}}