{"id":112697,"date":"2024-03-25T22:40:56","date_gmt":"2024-03-25T21:40:56","guid":{"rendered":"https:\/\/lightweightoutdoor.com\/?post_type=product&#038;p=112697"},"modified":"2026-03-19T22:02:08","modified_gmt":"2026-03-19T21:02:08","slug":"enlightened-equipment-conundrum-sleeping-quilt","status":"publish","type":"product","link":"https:\/\/lightweightoutdoor.com\/nl\/product\/enlightened-equipment-conundrum-sleeping-quilt\/","title":{"rendered":"Enlightened Equipment &#8211; Conundrum slaapzak"},"content":{"rendered":"<p>De Conundrum Sleeping Quilt combineert een dichtgenaaide voetenzak met een \u00be lengte rits, waardoor het de warmste slaapzak (quilt) van Enlightened Equipment is. En het komt het meeste in de buurt van een \u00a0traditionele slaapzak, maar dan in een hybride vorm. De ideale oplossing voor kouder weer en degenen die houden van een meer traditioneel slaapzakontwerp. De Conundrum heeft ook een 3\/4 lange rits zodat je gemakkelijk kunt ventileren, of de opening onder je kunt plaatsen en hem als slaapdeken kunt gebruiken.<\/p>\n<p>Zelfs met de volledige te sluiten rits die de Conundrum biedt, weegt hij nog steeds minder dan de meeste slaapzakken op de markt, dankzij de ultralichte materialen en het no-fuss ontwerp.<\/p>\n<h3>Eigenschappen Enlightened Equipment Conundrum<\/h3>\n<ul>\n<li>Inclusief tochtkraag bij de hals om koude lucht van het slaapdekbed te weren.<\/li>\n<li>Dubbele tochtstroken langs de rits houden u bedekt, met een versterkte ritsrug voor duurzaamheid.<\/li>\n<li>Het meegeleverde matrasbevestigingssysteem maakt gebruik van elastische banden en clips aan beide zijden van het dekbed om het dekbed op een slaapmat te bevestigen en tocht te voorkomen tijdens koude nachten.<\/li>\n<li>Dankzij de neksluiting met drukknopen en trekkoord kunt u de tocht nauwkeurig regelen.<\/li>\n<li>Taps toelopende verticale schotten over de hele lengte.<\/li>\n<li>Inclusief Silnylon Stuff Sack, 100% katoenen opbergzak, en 2 Elastische Riemen ( \u00e9\u00e9n Recht, \u00e9\u00e9n Lus).<\/li>\n<\/ul>\n<h4>Afmetingen EE Conundrum Quilt (Long \/ Wide)<\/h4>\n<table style=\"border-style: solid; border-color: #d6d6d6; height: 138px; width: 510px;\" border=\"1\" cellspacing=\"3\" cellpadding=\"3\">\n<tbody>\n<tr style=\"height: 23px;\">\n<td style=\"height: 23px; width: 83.0625px;\"><\/td>\n<td style=\"height: 23px; width: 131.28125px;\"><strong>Conundrum 30F (*-1C)<\/strong><\/td>\n<td style=\"width: 116.90625px;\"><strong>Conundrum 20F (*-6C)<\/strong><\/td>\n<td style=\"width: 129.765625px;\"><strong>Conundrum 10F (*-12C)<\/strong><\/td>\n<\/tr>\n<tr style=\"height: 23px;\">\n<td style=\"height: 23px; width: 83.0625px;\">Afmetingen<br \/>\n(Long \/ Wide)<\/td>\n<td style=\"width: 399.953125px;\" colspan=\"3\">Lengte: 198 cm<br \/>\nBreedte: 162 cm<br \/>\nVoeteneind breedte: 101 cm<\/td>\n<\/tr>\n<tr style=\"height: 23px;\">\n<td style=\"height: 23px; width: 83.0625px;\">Gewicht<\/td>\n<td style=\"height: 23px; width: 131.28125px;\">~ 665 gram<\/td>\n<td style=\"height: 23px; width: 116.90625px;\">~ 765 gram<\/td>\n<td style=\"height: 23px; width: 129.765625px;\">~ 959 gram<\/td>\n<\/tr>\n<tr style=\"height: 23px;\">\n<td style=\"height: 23px; width: 83.0625px;\">Vulgewicht<\/td>\n<td style=\"height: 23px; width: 131.28125px;\">~ 445 gram<\/td>\n<td style=\"height: 23px; width: 116.90625px;\">~ 558 gram<\/td>\n<td style=\"height: 23px; width: 129.765625px;\">~ 670 gram<\/td>\n<\/tr>\n<tr style=\"height: 23px;\">\n<td style=\"height: 23px; width: 83.0625px;\">Kleur<\/td>\n<td style=\"height: 23px; width: 131.28125px;\" colspan=\"3\">Buitenzijde: Geel 10D \/<br \/>\nBinnenzijde: Charcoal (grijs) 10D<\/td>\n<\/tr>\n<tr style=\"height: 23px;\">\n<td style=\"height: 23px; width: 83.0625px;\">Fill Type<\/td>\n<td style=\"height: 23px; width: 131.28125px;\">850 down<\/td>\n<td style=\"height: 23px; width: 116.90625px;\">850 down<\/td>\n<td style=\"height: 23px; width: 129.765625px;\">850 down<\/td>\n<\/tr>\n<\/tbody>\n<\/table>\n<p>&nbsp;<\/p>\n<p>Wil je een andere maat bestellen, neem dan even <a href=\"\/contact\">contact<\/a> op.<\/p>\n","protected":false},"excerpt":{"rendered":"<p>De Conundrum Sleeping Quilt combineert een dichtgenaaide voetenzak met een \u00be lengte rits, waardoor het de warmste slaapzak (tis eigenlijk geen quilt) van Enlightened Equipment is. En het komt het meeste in de buurt van een \u00a0traditionele slaapzak, maar dan in een hybride vorm.<\/p>\n","protected":false},"featured_media":109239,"comment_status":"closed","ping_status":"closed","template":"","meta":{"_acf_changed":false},"product_brand":[3881],"product_cat":[148,2960,2961],"product_tag":[1040,1032],"class_list":{"0":"post-112697","1":"product","2":"type-product","3":"status-publish","4":"has-post-thumbnail","6":"product_brand-enlightened-equipment","7":"product_cat-enlightened-equipment","8":"product_cat-quilts","9":"product_cat-slaapzakken","10":"product_tag-conundrum","11":"product_tag-slaapzak","12":"product_shipping_class-standaard-pakket","14":"first","15":"outofstock","16":"taxable","17":"shipping-taxable","18":"purchasable","19":"product-type-variable"},"supplier_id":null,"supplier_sku":"","barcode":null,"atum_controlled":true,"out_stock_date":null,"out_stock_threshold":null,"inheritable":false,"inbound_stock":null,"stock_on_hold":0,"sold_today":0,"sales_last_days":0,"reserved_stock":null,"customer_returns":null,"warehouse_damage":null,"lost_in_post":null,"other_logs":null,"out_stock_days":0,"lost_sales":0,"has_location":null,"update_date":"2026-04-20T00:11:26","atum_locations":[],"atum_stock_status":"outofstock","restock_status":false,"low_stock_amount":"","sales_update_date":"2026-04-20T00:11:26","calc_backorders":null,"acf":[],"yoast_head":"<!-- This site is optimized with the Yoast SEO plugin v27.4 - https:\/\/yoast.com\/product\/yoast-seo-wordpress\/ -->\n<title>Enlightened Equipment - Conundrum slaapzak - Lightweight Outdoor<\/title>\n<meta name=\"robots\" content=\"index, follow, max-snippet:-1, max-image-preview:large, max-video-preview:-1\" \/>\n<link rel=\"canonical\" href=\"https:\/\/lightweightoutdoor.com\/nl\/product\/enlightened-equipment-conundrum-sleeping-quilt\/\" \/>\n<meta property=\"og:locale\" content=\"nl_NL\" \/>\n<meta property=\"og:type\" content=\"article\" \/>\n<meta property=\"og:title\" content=\"Enlightened Equipment - Conundrum slaapzak - Lightweight Outdoor\" \/>\n<meta property=\"og:description\" content=\"De Conundrum Sleeping Quilt combineert een dichtgenaaide voetenzak met een \u00be lengte rits, waardoor het de warmste slaapzak (tis eigenlijk geen quilt) van Enlightened Equipment is. En het komt het meeste in de buurt van een \u00a0traditionele slaapzak, maar dan in een hybride vorm.\" \/>\n<meta property=\"og:url\" content=\"https:\/\/lightweightoutdoor.com\/nl\/product\/enlightened-equipment-conundrum-sleeping-quilt\/\" \/>\n<meta property=\"og:site_name\" content=\"Lightweight Outdoor\" \/>\n<meta property=\"article:modified_time\" content=\"2026-03-19T21:02:08+00:00\" \/>\n<meta property=\"og:image\" content=\"https:\/\/lightweightoutdoor.com\/wp-content\/uploads\/2024\/03\/Conundrum-8__44334.jpg\" \/>\n\t<meta property=\"og:image:width\" content=\"2048\" \/>\n\t<meta property=\"og:image:height\" content=\"2048\" \/>\n\t<meta property=\"og:image:type\" content=\"image\/jpeg\" \/>\n<meta name=\"twitter:card\" content=\"summary_large_image\" \/>\n<meta name=\"twitter:label1\" content=\"Geschatte leestijd\" \/>\n\t<meta name=\"twitter:data1\" content=\"2 minuten\" \/>\n<script type=\"application\/ld+json\" class=\"yoast-schema-graph\">{\"@context\":\"https:\\\/\\\/schema.org\",\"@graph\":[{\"@type\":\"WebPage\",\"@id\":\"https:\\\/\\\/lightweightoutdoor.com\\\/nl\\\/product\\\/enlightened-equipment-conundrum-sleeping-quilt\\\/\",\"url\":\"https:\\\/\\\/lightweightoutdoor.com\\\/nl\\\/product\\\/enlightened-equipment-conundrum-sleeping-quilt\\\/\",\"name\":\"Enlightened Equipment - Conundrum slaapzak - Lightweight Outdoor\",\"isPartOf\":{\"@id\":\"https:\\\/\\\/lightweightoutdoor.com\\\/nl\\\/#website\"},\"primaryImageOfPage\":{\"@id\":\"https:\\\/\\\/lightweightoutdoor.com\\\/nl\\\/product\\\/enlightened-equipment-conundrum-sleeping-quilt\\\/#primaryimage\"},\"image\":{\"@id\":\"https:\\\/\\\/lightweightoutdoor.com\\\/nl\\\/product\\\/enlightened-equipment-conundrum-sleeping-quilt\\\/#primaryimage\"},\"thumbnailUrl\":\"https:\\\/\\\/lightweightoutdoor.com\\\/wp-content\\\/uploads\\\/2024\\\/03\\\/Conundrum-8__44334.jpg\",\"datePublished\":\"2024-03-25T21:40:56+00:00\",\"dateModified\":\"2026-03-19T21:02:08+00:00\",\"breadcrumb\":{\"@id\":\"https:\\\/\\\/lightweightoutdoor.com\\\/nl\\\/product\\\/enlightened-equipment-conundrum-sleeping-quilt\\\/#breadcrumb\"},\"inLanguage\":\"nl-NL\",\"potentialAction\":[{\"@type\":\"ReadAction\",\"target\":[\"https:\\\/\\\/lightweightoutdoor.com\\\/nl\\\/product\\\/enlightened-equipment-conundrum-sleeping-quilt\\\/\"]}]},{\"@type\":\"ImageObject\",\"inLanguage\":\"nl-NL\",\"@id\":\"https:\\\/\\\/lightweightoutdoor.com\\\/nl\\\/product\\\/enlightened-equipment-conundrum-sleeping-quilt\\\/#primaryimage\",\"url\":\"https:\\\/\\\/lightweightoutdoor.com\\\/wp-content\\\/uploads\\\/2024\\\/03\\\/Conundrum-8__44334.jpg\",\"contentUrl\":\"https:\\\/\\\/lightweightoutdoor.com\\\/wp-content\\\/uploads\\\/2024\\\/03\\\/Conundrum-8__44334.jpg\",\"width\":2048,\"height\":2048},{\"@type\":\"BreadcrumbList\",\"@id\":\"https:\\\/\\\/lightweightoutdoor.com\\\/nl\\\/product\\\/enlightened-equipment-conundrum-sleeping-quilt\\\/#breadcrumb\",\"itemListElement\":[{\"@type\":\"ListItem\",\"position\":1,\"name\":\"Home\",\"item\":\"https:\\\/\\\/lightweightoutdoor.com\\\/nl\\\/\"},{\"@type\":\"ListItem\",\"position\":2,\"name\":\"Shop\",\"item\":\"https:\\\/\\\/lightweightoutdoor.com\\\/nl\\\/winkel\\\/\"},{\"@type\":\"ListItem\",\"position\":3,\"name\":\"Enlightened Equipment &#8211; Conundrum slaapzak\"}]},{\"@type\":\"WebSite\",\"@id\":\"https:\\\/\\\/lightweightoutdoor.com\\\/nl\\\/#website\",\"url\":\"https:\\\/\\\/lightweightoutdoor.com\\\/nl\\\/\",\"name\":\"Lightweight Outdoor\",\"description\":\"ultralight gear for every adventure\",\"publisher\":{\"@id\":\"https:\\\/\\\/lightweightoutdoor.com\\\/nl\\\/#organization\"},\"alternateName\":\"Ultralight outdoor gear\",\"potentialAction\":[{\"@type\":\"SearchAction\",\"target\":{\"@type\":\"EntryPoint\",\"urlTemplate\":\"https:\\\/\\\/lightweightoutdoor.com\\\/nl\\\/?s={search_term_string}\"},\"query-input\":{\"@type\":\"PropertyValueSpecification\",\"valueRequired\":true,\"valueName\":\"search_term_string\"}}],\"inLanguage\":\"nl-NL\"},{\"@type\":\"Organization\",\"@id\":\"https:\\\/\\\/lightweightoutdoor.com\\\/nl\\\/#organization\",\"name\":\"Lightweight Outdoor\",\"alternateName\":\"lightweight outdoor\",\"url\":\"https:\\\/\\\/lightweightoutdoor.com\\\/nl\\\/\",\"logo\":{\"@type\":\"ImageObject\",\"inLanguage\":\"nl-NL\",\"@id\":\"https:\\\/\\\/lightweightoutdoor.com\\\/nl\\\/#\\\/schema\\\/logo\\\/image\\\/\",\"url\":\"https:\\\/\\\/lightweightoutdoor.com\\\/wp-content\\\/uploads\\\/2024\\\/03\\\/lightweightoutdoor.png\",\"contentUrl\":\"https:\\\/\\\/lightweightoutdoor.com\\\/wp-content\\\/uploads\\\/2024\\\/03\\\/lightweightoutdoor.png\",\"width\":575,\"height\":480,\"caption\":\"Lightweight Outdoor\"},\"image\":{\"@id\":\"https:\\\/\\\/lightweightoutdoor.com\\\/nl\\\/#\\\/schema\\\/logo\\\/image\\\/\"},\"sameAs\":[\"https:\\\/\\\/www.instagram.com\\\/lightweightoutdoor\\\/\"]}]}<\/script>\n<!-- \/ Yoast SEO plugin. -->","yoast_head_json":{"title":"Enlightened Equipment - Conundrum slaapzak - Lightweight Outdoor","robots":{"index":"index","follow":"follow","max-snippet":"max-snippet:-1","max-image-preview":"max-image-preview:large","max-video-preview":"max-video-preview:-1"},"canonical":"https:\/\/lightweightoutdoor.com\/nl\/product\/enlightened-equipment-conundrum-sleeping-quilt\/","og_locale":"nl_NL","og_type":"article","og_title":"Enlightened Equipment - Conundrum slaapzak - Lightweight Outdoor","og_description":"De Conundrum Sleeping Quilt combineert een dichtgenaaide voetenzak met een \u00be lengte rits, waardoor het de warmste slaapzak (tis eigenlijk geen quilt) van Enlightened Equipment is. En het komt het meeste in de buurt van een \u00a0traditionele slaapzak, maar dan in een hybride vorm.","og_url":"https:\/\/lightweightoutdoor.com\/nl\/product\/enlightened-equipment-conundrum-sleeping-quilt\/","og_site_name":"Lightweight Outdoor","article_modified_time":"2026-03-19T21:02:08+00:00","og_image":[{"width":2048,"height":2048,"url":"https:\/\/lightweightoutdoor.com\/wp-content\/uploads\/2024\/03\/Conundrum-8__44334.jpg","type":"image\/jpeg"}],"twitter_card":"summary_large_image","twitter_misc":{"Geschatte leestijd":"2 minuten"},"schema":{"@context":"https:\/\/schema.org","@graph":[{"@type":"WebPage","@id":"https:\/\/lightweightoutdoor.com\/nl\/product\/enlightened-equipment-conundrum-sleeping-quilt\/","url":"https:\/\/lightweightoutdoor.com\/nl\/product\/enlightened-equipment-conundrum-sleeping-quilt\/","name":"Enlightened Equipment - Conundrum slaapzak - Lightweight Outdoor","isPartOf":{"@id":"https:\/\/lightweightoutdoor.com\/nl\/#website"},"primaryImageOfPage":{"@id":"https:\/\/lightweightoutdoor.com\/nl\/product\/enlightened-equipment-conundrum-sleeping-quilt\/#primaryimage"},"image":{"@id":"https:\/\/lightweightoutdoor.com\/nl\/product\/enlightened-equipment-conundrum-sleeping-quilt\/#primaryimage"},"thumbnailUrl":"https:\/\/lightweightoutdoor.com\/wp-content\/uploads\/2024\/03\/Conundrum-8__44334.jpg","datePublished":"2024-03-25T21:40:56+00:00","dateModified":"2026-03-19T21:02:08+00:00","breadcrumb":{"@id":"https:\/\/lightweightoutdoor.com\/nl\/product\/enlightened-equipment-conundrum-sleeping-quilt\/#breadcrumb"},"inLanguage":"nl-NL","potentialAction":[{"@type":"ReadAction","target":["https:\/\/lightweightoutdoor.com\/nl\/product\/enlightened-equipment-conundrum-sleeping-quilt\/"]}]},{"@type":"ImageObject","inLanguage":"nl-NL","@id":"https:\/\/lightweightoutdoor.com\/nl\/product\/enlightened-equipment-conundrum-sleeping-quilt\/#primaryimage","url":"https:\/\/lightweightoutdoor.com\/wp-content\/uploads\/2024\/03\/Conundrum-8__44334.jpg","contentUrl":"https:\/\/lightweightoutdoor.com\/wp-content\/uploads\/2024\/03\/Conundrum-8__44334.jpg","width":2048,"height":2048},{"@type":"BreadcrumbList","@id":"https:\/\/lightweightoutdoor.com\/nl\/product\/enlightened-equipment-conundrum-sleeping-quilt\/#breadcrumb","itemListElement":[{"@type":"ListItem","position":1,"name":"Home","item":"https:\/\/lightweightoutdoor.com\/nl\/"},{"@type":"ListItem","position":2,"name":"Shop","item":"https:\/\/lightweightoutdoor.com\/nl\/winkel\/"},{"@type":"ListItem","position":3,"name":"Enlightened Equipment &#8211; Conundrum slaapzak"}]},{"@type":"WebSite","@id":"https:\/\/lightweightoutdoor.com\/nl\/#website","url":"https:\/\/lightweightoutdoor.com\/nl\/","name":"Lightweight Outdoor","description":"ultralight gear for every adventure","publisher":{"@id":"https:\/\/lightweightoutdoor.com\/nl\/#organization"},"alternateName":"Ultralight outdoor gear","potentialAction":[{"@type":"SearchAction","target":{"@type":"EntryPoint","urlTemplate":"https:\/\/lightweightoutdoor.com\/nl\/?s={search_term_string}"},"query-input":{"@type":"PropertyValueSpecification","valueRequired":true,"valueName":"search_term_string"}}],"inLanguage":"nl-NL"},{"@type":"Organization","@id":"https:\/\/lightweightoutdoor.com\/nl\/#organization","name":"Lightweight Outdoor","alternateName":"lightweight outdoor","url":"https:\/\/lightweightoutdoor.com\/nl\/","logo":{"@type":"ImageObject","inLanguage":"nl-NL","@id":"https:\/\/lightweightoutdoor.com\/nl\/#\/schema\/logo\/image\/","url":"https:\/\/lightweightoutdoor.com\/wp-content\/uploads\/2024\/03\/lightweightoutdoor.png","contentUrl":"https:\/\/lightweightoutdoor.com\/wp-content\/uploads\/2024\/03\/lightweightoutdoor.png","width":575,"height":480,"caption":"Lightweight Outdoor"},"image":{"@id":"https:\/\/lightweightoutdoor.com\/nl\/#\/schema\/logo\/image\/"},"sameAs":["https:\/\/www.instagram.com\/lightweightoutdoor\/"]}]}},"jetpack_sharing_enabled":true,"_links":{"self":[{"href":"https:\/\/lightweightoutdoor.com\/nl\/wp-json\/wp\/v2\/product\/112697","targetHints":{"allow":["GET"]}}],"collection":[{"href":"https:\/\/lightweightoutdoor.com\/nl\/wp-json\/wp\/v2\/product"}],"about":[{"href":"https:\/\/lightweightoutdoor.com\/nl\/wp-json\/wp\/v2\/types\/product"}],"replies":[{"embeddable":true,"href":"https:\/\/lightweightoutdoor.com\/nl\/wp-json\/wp\/v2\/comments?post=112697"}],"wp:featuredmedia":[{"embeddable":true,"href":"https:\/\/lightweightoutdoor.com\/nl\/wp-json\/wp\/v2\/media\/109239"}],"wp:attachment":[{"href":"https:\/\/lightweightoutdoor.com\/nl\/wp-json\/wp\/v2\/media?parent=112697"}],"wp:term":[{"taxonomy":"product_brand","embeddable":true,"href":"https:\/\/lightweightoutdoor.com\/nl\/wp-json\/wp\/v2\/product_brand?post=112697"},{"taxonomy":"product_cat","embeddable":true,"href":"https:\/\/lightweightoutdoor.com\/nl\/wp-json\/wp\/v2\/product_cat?post=112697"},{"taxonomy":"product_tag","embeddable":true,"href":"https:\/\/lightweightoutdoor.com\/nl\/wp-json\/wp\/v2\/product_tag?post=112697"}],"curies":[{"name":"wp","href":"https:\/\/api.w.org\/{rel}","templated":true}]}}